{"id":12,"date":"2023-03-20T15:20:09","date_gmt":"2023-03-20T14:20:09","guid":{"rendered":"https:\/\/muzeum-zabawek.pl\/?page_id=12"},"modified":"2025-06-19T17:37:45","modified_gmt":"2025-06-19T15:37:45","slug":"strona-glowna","status":"publish","type":"page","link":"https:\/\/muzeum-zabawek.pl\/cs\/","title":{"rendered":"Strona g\u0142\u00f3wna"},"content":{"rendered":"\t\t<div data-elementor-type=\"wp-page\" data-elementor-id=\"12\" class=\"elementor elementor-12\" data-elementor-post-type=\"page\">\n\t\t\t\t\t\t<section data-particle_enable=\"false\" data-particle-mobile-disabled=\"false\" class=\"elementor-section elementor-top-section elementor-element elementor-element-c54ba71 elementor-section-height-min-height elementor-section-boxed elementor-section-height-default elementor-section-items-middle\" data-id=\"c54ba71\" data-element_type=\"section\" data-e-type=\"section\" data-settings=\"{&quot;background_background&quot;:&quot;slideshow&quot;,&quot;background_slideshow_gallery&quot;:[{&quot;id&quot;:130,&quot;url&quot;:&quot;https:\\\/\\\/muzeum-zabawek.pl\\\/wp-content\\\/uploads\\\/2018\\\/01\\\/slide.jpg&quot;},{&quot;id&quot;:1230,&quot;url&quot;:&quot;https:\\\/\\\/muzeum-zabawek.pl\\\/wp-content\\\/uploads\\\/2022\\\/01\\\/reprezentacyjne-scaled-1.jpg&quot;},{&quot;id&quot;:280,&quot;url&quot;:&quot;https:\\\/\\\/muzeum-zabawek.pl\\\/wp-content\\\/uploads\\\/2018\\\/02\\\/IMG_5110.jpg&quot;},{&quot;id&quot;:3002,&quot;url&quot;:&quot;https:\\\/\\\/muzeum-zabawek.pl\\\/wp-content\\\/uploads\\\/2023\\\/05\\\/11.jpg&quot;}],&quot;background_slideshow_transition_duration&quot;:800,&quot;background_slideshow_ken_burns&quot;:&quot;yes&quot;,&quot;background_slideshow_loop&quot;:&quot;yes&quot;,&quot;background_slideshow_slide_duration&quot;:5000,&quot;background_slideshow_slide_transition&quot;:&quot;fade&quot;,&quot;background_slideshow_ken_burns_zoom_direction&quot;:&quot;in&quot;}\">\n\t\t\t\t\t\t\t<div class=\"elementor-background-overlay\"><\/div>\n\t\t\t\t\t\t\t<div class=\"elementor-container elementor-column-gap-default\">\n\t\t\t\t\t<div class=\"elementor-column elementor-col-100 elementor-top-column elementor-element elementor-element-f2cedd4\" data-id=\"f2cedd4\" data-element_type=\"column\" data-e-type=\"column\" data-settings=\"{&quot;motion_fx_motion_fx_scrolling&quot;:&quot;yes&quot;,&quot;motion_fx_translateY_effect&quot;:&quot;yes&quot;,&quot;motion_fx_translateY_speed&quot;:{&quot;unit&quot;:&quot;px&quot;,&quot;size&quot;:2,&quot;sizes&quot;:[]},&quot;motion_fx_translateY_affectedRange&quot;:{&quot;unit&quot;:&quot;%&quot;,&quot;size&quot;:&quot;&quot;,&quot;sizes&quot;:{&quot;start&quot;:0,&quot;end&quot;:100}},&quot;motion_fx_devices&quot;:[&quot;desktop&quot;,&quot;tablet&quot;,&quot;mobile&quot;]}\">\n\t\t\t<div class=\"elementor-widget-wrap elementor-element-populated\">\n\t\t\t\t\t\t<div class=\"elementor-element elementor-element-80a4c34 elementor-widget__width-auto elementor-widget elementor-widget-heading\" data-id=\"80a4c34\" data-element_type=\"widget\" data-e-type=\"widget\" data-widget_type=\"heading.default\">\n\t\t\t\t\t<h2 class=\"elementor-heading-title elementor-size-default\">Muzeum Zabawek<\/h2>\t\t\t\t<\/div>\n\t\t\t\t<div class=\"elementor-element elementor-element-04e4dd9 elementor-widget elementor-widget-heading\" data-id=\"04e4dd9\" data-element_type=\"widget\" data-e-type=\"widget\" data-widget_type=\"heading.default\">\n\t\t\t\t\t<h2 class=\"elementor-heading-title elementor-size-default\">Przenie\u015b si\u0119 do beztroskiego \u015bwiata dzieci\u0144stwa<\/h2>\t\t\t\t<\/div>\n\t\t\t\t<div class=\"elementor-element elementor-element-c781682 elementor-widget elementor-widget-heading\" data-id=\"c781682\" data-element_type=\"widget\" data-e-type=\"widget\" data-widget_type=\"heading.default\">\n\t\t\t\t\t<h2 class=\"elementor-heading-title elementor-size-default\">Wybierz lokalizacj\u0119:<\/h2>\t\t\t\t<\/div>\n\t\t<div data-particle_enable=\"false\" data-particle-mobile-disabled=\"false\" class=\"elementor-element elementor-element-0cf7482 e-flex e-con-boxed e-con e-parent\" data-id=\"0cf7482\" data-element_type=\"container\" data-e-type=\"container\">\n\t\t\t\t\t<div class=\"e-con-inner\">\n\t\t\t\t<div class=\"elementor-element elementor-element-356ece7 elementor-widget__width-auto elementor-widget-mobile__width-inherit elementor-widget elementor-widget-eael-creative-button\" data-id=\"356ece7\" data-element_type=\"widget\" data-e-type=\"widget\" data-widget_type=\"eael-creative-button.default\">\n\t\t\t\t\t        <div class=\"eael-creative-button-wrapper\">\n\n            <a class=\"eael-creative-button eael-creative-button--ujarak\" href=\"https:\/\/muzeum-zabawek.pl\/kudowa-zdroj\/\" data-text=\"Go!\">\n            \t    \n                <div class=\"creative-button-inner\">\n\n                    \n                    <span class=\"cretive-button-text\">Kudowa Zdr\u00f3j<\/span>\n\n                                    <\/div>\n\t                        <\/a>\n        <\/div>\n        \t\t\t\t<\/div>\n\t\t\t\t<div class=\"elementor-element elementor-element-d6a497a elementor-widget__width-auto elementor-widget-mobile__width-inherit elementor-widget elementor-widget-eael-creative-button\" data-id=\"d6a497a\" data-element_type=\"widget\" data-e-type=\"widget\" data-widget_type=\"eael-creative-button.default\">\n\t\t\t\t\t        <div class=\"eael-creative-button-wrapper\">\n\n            <a class=\"eael-creative-button eael-creative-button--ujarak\" href=\"https:\/\/muzeum-zabawek.pl\/krynica-zdroj\/\" data-text=\"Go!\">\n            \t    \n                <div class=\"creative-button-inner\">\n\n                    \n                    <span class=\"cretive-button-text\">Krynica Zdr\u00f3j<\/span>\n\n                                    <\/div>\n\t                        <\/a>\n        <\/div>\n        \t\t\t\t<\/div>\n\t\t\t\t\t<\/div>\n\t\t\t\t<\/div>\n\t\t\t\t\t<\/div>\n\t\t<\/div>\n\t\t\t\t\t<\/div>\n\t\t<\/section>\n\t\t\t\t<section data-particle_enable=\"false\" data-particle-mobile-disabled=\"false\" class=\"elementor-section elementor-top-section elementor-element elementor-element-b303255 elementor-section-boxed elementor-section-height-default elementor-section-height-default\" data-id=\"b303255\" data-element_type=\"section\" data-e-type=\"section\">\n\t\t\t\t\t\t<div class=\"elementor-container elementor-column-gap-default\">\n\t\t\t\t\t<div class=\"elementor-column elementor-col-100 elementor-top-column elementor-element elementor-element-e69b8c9\" data-id=\"e69b8c9\" data-element_type=\"column\" data-e-type=\"column\">\n\t\t\t<div class=\"elementor-widget-wrap\">\n\t\t\t\t\t\t\t<\/div>\n\t\t<\/div>\n\t\t\t\t\t<\/div>\n\t\t<\/section>\n\t\t\t\t<section data-particle_enable=\"false\" data-particle-mobile-disabled=\"false\" class=\"elementor-section elementor-top-section elementor-element elementor-element-a03155d elementor-section-boxed elementor-section-height-default elementor-section-height-default\" data-id=\"a03155d\" data-element_type=\"section\" data-e-type=\"section\">\n\t\t\t\t\t\t<div class=\"elementor-container elementor-column-gap-default\">\n\t\t\t\t\t<div class=\"elementor-column elementor-col-100 elementor-top-column elementor-element elementor-element-e52c4e5\" data-id=\"e52c4e5\" data-element_type=\"column\" data-e-type=\"column\">\n\t\t\t<div class=\"elementor-widget-wrap elementor-element-populated\">\n\t\t\t\t\t\t<div class=\"elementor-element elementor-element-7005d4a elementor-widget__width-initial elementor-widget elementor-widget-image\" data-id=\"7005d4a\" data-element_type=\"widget\" data-e-type=\"widget\" data-widget_type=\"image.default\">\n\t\t\t\t\t\t\t\t\t\t\t\t\t\t\t<img fetchpriority=\"high\" decoding=\"async\" width=\"527\" height=\"146\" src=\"https:\/\/muzeum-zabawek.pl\/wp-content\/uploads\/2025\/06\/strona.jpg\" class=\"attachment-large size-large wp-image-4628\" alt=\"finansowanie przez UE i KPO\" srcset=\"https:\/\/muzeum-zabawek.pl\/wp-content\/uploads\/2025\/06\/strona.jpg 527w, https:\/\/muzeum-zabawek.pl\/wp-content\/uploads\/2025\/06\/strona-300x83.jpg 300w\" sizes=\"(max-width: 527px) 100vw, 527px\" \/>\t\t\t\t\t\t\t\t\t\t\t\t\t\t\t<\/div>\n\t\t\t\t\t<\/div>\n\t\t<\/div>\n\t\t\t\t\t<\/div>\n\t\t<\/section>\n\t\t\t\t<\/div>\n\t\t","protected":false},"excerpt":{"rendered":"<p>Muzeum Zabawek Przenie\u015b si\u0119 do beztroskiego \u015bwiata dzieci\u0144stwa Wybierz lokalizacj\u0119: Kudowa Zdr\u00f3j Krynica Zdr\u00f3j<\/p>","protected":false},"author":1,"featured_media":280,"parent":0,"menu_order":0,"comment_status":"closed","ping_status":"closed","template":"elementor_canvas","meta":{"_acf_changed":false,"_monsterinsights_skip_tracking":false,"_monsterinsights_sitenote_active":false,"_monsterinsights_sitenote_note":"","_monsterinsights_sitenote_category":0,"footnotes":""},"class_list":["post-12","page","type-page","status-publish","has-post-thumbnail","hentry"],"acf":[],"aioseo_notices":[],"_links":{"self":[{"href":"https:\/\/muzeum-zabawek.pl\/cs\/wp-json\/wp\/v2\/pages\/12","targetHints":{"allow":["GET"]}}],"collection":[{"href":"https:\/\/muzeum-zabawek.pl\/cs\/wp-json\/wp\/v2\/pages"}],"about":[{"href":"https:\/\/muzeum-zabawek.pl\/cs\/wp-json\/wp\/v2\/types\/page"}],"author":[{"embeddable":true,"href":"https:\/\/muzeum-zabawek.pl\/cs\/wp-json\/wp\/v2\/users\/1"}],"replies":[{"embeddable":true,"href":"https:\/\/muzeum-zabawek.pl\/cs\/wp-json\/wp\/v2\/comments?post=12"}],"version-history":[{"count":165,"href":"https:\/\/muzeum-zabawek.pl\/cs\/wp-json\/wp\/v2\/pages\/12\/revisions"}],"predecessor-version":[{"id":5063,"href":"https:\/\/muzeum-zabawek.pl\/cs\/wp-json\/wp\/v2\/pages\/12\/revisions\/5063"}],"wp:featuredmedia":[{"embeddable":true,"href":"https:\/\/muzeum-zabawek.pl\/cs\/wp-json\/wp\/v2\/media\/280"}],"wp:attachment":[{"href":"https:\/\/muzeum-zabawek.pl\/cs\/wp-json\/wp\/v2\/media?parent=12"}],"curies":[{"name":"wp","href":"https:\/\/api.w.org\/{rel}","templated":true}]}}