{"id":2376,"date":"2023-04-18T14:40:40","date_gmt":"2023-04-18T12:40:40","guid":{"rendered":"https:\/\/muzeum-zabawek.pl\/?page_id=2376"},"modified":"2023-04-19T14:04:36","modified_gmt":"2023-04-19T12:04:36","slug":"regulamin","status":"publish","type":"page","link":"https:\/\/muzeum-zabawek.pl\/cs\/regulamin\/","title":{"rendered":"Pravidla"},"content":{"rendered":"\t\t<div data-elementor-type=\"wp-page\" data-elementor-id=\"2376\" class=\"elementor elementor-2376\" data-elementor-post-type=\"page\">\n\t\t\t\t\t\t<section data-particle_enable=\"false\" data-particle-mobile-disabled=\"false\" class=\"elementor-section elementor-top-section elementor-element elementor-element-7484ab3 elementor-section-height-min-height elementor-section-boxed elementor-section-height-default elementor-section-items-middle\" data-id=\"7484ab3\" data-element_type=\"section\" data-e-type=\"section\" data-settings=\"{&quot;background_background&quot;:&quot;slideshow&quot;,&quot;background_slideshow_gallery&quot;:[{&quot;id&quot;:130,&quot;url&quot;:&quot;https:\\\/\\\/muzeum-zabawek.pl\\\/wp-content\\\/uploads\\\/2018\\\/01\\\/slide.jpg&quot;},{&quot;id&quot;:280,&quot;url&quot;:&quot;https:\\\/\\\/muzeum-zabawek.pl\\\/wp-content\\\/uploads\\\/2018\\\/02\\\/IMG_5110.jpg&quot;},{&quot;id&quot;:271,&quot;url&quot;:&quot;https:\\\/\\\/muzeum-zabawek.pl\\\/wp-content\\\/uploads\\\/2018\\\/02\\\/IMG_3505-scaled.jpg&quot;},{&quot;id&quot;:261,&quot;url&quot;:&quot;https:\\\/\\\/muzeum-zabawek.pl\\\/wp-content\\\/uploads\\\/2018\\\/02\\\/IMG_3444-scaled.jpg&quot;}],&quot;background_slideshow_transition_duration&quot;:800,&quot;background_slideshow_ken_burns&quot;:&quot;yes&quot;,&quot;shape_divider_bottom&quot;:&quot;waves&quot;,&quot;background_slideshow_loop&quot;:&quot;yes&quot;,&quot;background_slideshow_slide_duration&quot;:5000,&quot;background_slideshow_slide_transition&quot;:&quot;fade&quot;,&quot;background_slideshow_ken_burns_zoom_direction&quot;:&quot;in&quot;}\">\n\t\t\t\t\t\t\t<div class=\"elementor-background-overlay\"><\/div>\n\t\t\t\t\t\t<div class=\"elementor-shape elementor-shape-bottom\" aria-hidden=\"true\" data-negative=\"false\">\n\t\t\t<svg xmlns=\"http:\/\/www.w3.org\/2000\/svg\" viewBox=\"0 0 1000 100\" preserveAspectRatio=\"none\">\n\t<path class=\"elementor-shape-fill\" d=\"M421.9,6.5c22.6-2.5,51.5,0.4,75.5,5.3c23.6,4.9,70.9,23.5,100.5,35.7c75.8,32.2,133.7,44.5,192.6,49.7\n\tc23.6,2.1,48.7,3.5,103.4-2.5c54.7-6,106.2-25.6,106.2-25.6V0H0v30.3c0,0,72,32.6,158.4,30.5c39.2-0.7,92.8-6.7,134-22.4\n\tc21.2-8.1,52.2-18.2,79.7-24.2C399.3,7.9,411.6,7.5,421.9,6.5z\"\/>\n<\/svg>\t\t<\/div>\n\t\t\t\t\t<div class=\"elementor-container elementor-column-gap-default\">\n\t\t\t\t\t<div class=\"elementor-column elementor-col-100 elementor-top-column elementor-element elementor-element-0ca218b\" data-id=\"0ca218b\" data-element_type=\"column\" data-e-type=\"column\" data-settings=\"{&quot;motion_fx_motion_fx_scrolling&quot;:&quot;yes&quot;,&quot;motion_fx_translateY_effect&quot;:&quot;yes&quot;,&quot;motion_fx_translateY_speed&quot;:{&quot;unit&quot;:&quot;px&quot;,&quot;size&quot;:2,&quot;sizes&quot;:[]},&quot;motion_fx_translateY_affectedRange&quot;:{&quot;unit&quot;:&quot;%&quot;,&quot;size&quot;:&quot;&quot;,&quot;sizes&quot;:{&quot;start&quot;:0,&quot;end&quot;:100}},&quot;motion_fx_devices&quot;:[&quot;desktop&quot;,&quot;tablet&quot;,&quot;mobile&quot;]}\">\n\t\t\t<div class=\"elementor-widget-wrap elementor-element-populated\">\n\t\t\t\t\t\t<div class=\"elementor-element elementor-element-f2999f1 elementor-widget elementor-widget-heading\" data-id=\"f2999f1\" data-element_type=\"widget\" data-e-type=\"widget\" data-widget_type=\"heading.default\">\n\t\t\t\t\t<h2 class=\"elementor-heading-title elementor-size-default\">Regulamin<\/h2>\t\t\t\t<\/div>\n\t\t\t\t\t<\/div>\n\t\t<\/div>\n\t\t\t\t\t<\/div>\n\t\t<\/section>\n\t\t\t\t<section data-particle_enable=\"false\" data-particle-mobile-disabled=\"false\" class=\"elementor-section elementor-top-section elementor-element elementor-element-1fa3eda elementor-section-boxed elementor-section-height-default elementor-section-height-default\" data-id=\"1fa3eda\" data-element_type=\"section\" data-e-type=\"section\">\n\t\t\t\t\t\t<div class=\"elementor-container elementor-column-gap-no\">\n\t\t\t\t\t<div class=\"elementor-column elementor-col-100 elementor-top-column elementor-element elementor-element-f4c871a\" data-id=\"f4c871a\" data-element_type=\"column\" data-e-type=\"column\">\n\t\t\t<div class=\"elementor-widget-wrap elementor-element-populated\">\n\t\t\t\t\t\t<div class=\"elementor-element elementor-element-8ae766c elementor-widget elementor-widget-text-editor\" data-id=\"8ae766c\" data-element_type=\"widget\" data-e-type=\"widget\" data-widget_type=\"text-editor.default\">\n\t\t\t\t\t\t\t\t\t<p><strong>REGULAMIN DLA GO\u015aCI ZWIEDZAJ\u0104CYCH MUZEUM ZABAWEK W KUDOWIE-ZDROJU i KRYNICY-ZDROJU<\/strong><\/p><p>Muzeum to instytucja powo\u0142ana do gromadzenia, badania oraz opieki nad obiektami posiadaj\u0105cymi pewn\u0105 warto\u015b\u0107 historyczn\u0105 b\u0105d\u017a artystyczn\u0105.<\/p><ol><li>Zwiedzenie Muzeum Zabawek jest odp\u0142atne. Warunkiem wej\u015bcia do sal ekspozycyjnych jest zakup biletu wst\u0119pu. Bilety s\u0105 sprzedawane jedynie w kasie Muzeum, bilety kupione z innych \u017ar\u00f3de\u0142 nie s\u0105 honorowane. Wst\u0119p bezp\u0142atny przys\u0142uguje dzieciom, kt\u00f3re nie uko\u0144czy\u0142y 4 lat oraz osobom posiadaj\u0105cym zaproszenie lub bilet honorowy.<\/li><li>Osoby poni\u017cej 16 roku \u017cycia mog\u0105 zwiedza\u0107 Muzeum wy\u0142\u0105cznie pod opiek\u0105 os\u00f3b pe\u0142noletnich, kt\u00f3re ponosz\u0105 za nie pe\u0142n\u0105 odpowiedzialno\u015b\u0107.<\/li><li>Pracownik Muzeum ma prawo odm\u00f3wi\u0107 sprzeda\u017cy biletu, szczeg\u00f3lnie osobom nietrze\u017awym.<\/li><li>\u00a0Za wszelkie szkody wyrz\u0105dzone na terenie Muzeum odpowiada sprawca szkody, a w przypadku osoby nieletniej \u2013 jej opiekun. Wszelkie pr\u00f3by kradzie\u017cy lub akty wandalizmu s\u0105 bezzw\u0142ocznie zg\u0142aszane na policj\u0119. Obiekt Muzeum jest monitorowany ca\u0142odobowo.<\/li><li>W trakcie zwiedzania Muzeum nale\u017cy stosowa\u0107 si\u0119 do polece\u0144 wydawanych przez pracownika Muzeum.<\/li><li>Obowi\u0105zuje zakaz jedzenia, palenia tytoniu, u\u017cywania e-papieros\u00f3w oraz spo\u017cywania alkoholu w budynku Muzeum.<\/li><li>Nie nale\u017cy przewija\u0107 dzieci na terenie ekspozycji, kategorycznie zabrania si\u0119 przewijania dzieci na eksponatach. Przewijak znajduje si\u0119 w toalecie, w razie nag\u0142ej potrzeby prosz\u0119 si\u0119 zg\u0142osi\u0107 do pracownika Muzeum.<\/li><li>Zwiedzaj\u0105cy zobowi\u0105zani s\u0105 do kulturalnego zachowania, prosimy nie biega\u0107, nie krzycze\u0107, itp.<\/li><li>Na terenie Muzeum dozwolone jest fotografowanie i filmowanie. Wykorzystanie wykonanych fotografii lub materia\u0142\u00f3w filmowych, w szczeg\u00f3lno\u015bci publikacja materia\u0142\u00f3w przedstawiaj\u0105cych eksponaty, sale wystawiennicze w celach komercyjnych wymaga pisemnej zgody Dyrektora Muzeum. W przypadku publikacji materia\u0142\u00f3w w mediach spo\u0142eczno\u015bciowych prosimy o oznaczenie naszej plac\u00f3wki.<\/li><li>Zwiedzaj\u0105cy, kt\u00f3rzy nie stosuj\u0105 si\u0119 do powy\u017cszych zasad mog\u0105 zosta\u0107 wyproszeni przez pracownika Muzeum, bez zwrotu op\u0142aty za wst\u0119p.<\/li><li>Wchodz\u0105c na teren ekspozycji zwiedzaj\u0105cy akceptuje powy\u017cszy regulamin.<\/li><\/ol>\t\t\t\t\t\t\t\t<\/div>\n\t\t\t\t\t<\/div>\n\t\t<\/div>\n\t\t\t\t\t<\/div>\n\t\t<\/section>\n\t\t\t\t<\/div>\n\t\t","protected":false},"excerpt":{"rendered":"<p>REGULAMIN DLA GO\u015aCI ZWIEDZAJ\u0104CYCH MUZEUM ZABAWEK W KUDOWIE-ZDROJU i KRYNICY-ZDROJU Muzeum to instytucja powo\u0142ana do gromadzenia, badania oraz opieki nad obiektami posiadaj\u0105cymi pewn\u0105 warto\u015b\u0107 historyczn\u0105 b\u0105d\u017a artystyczn\u0105. Zwiedzenie Muzeum Zabawek jest odp\u0142atne. Warunkiem wej\u015bcia do sal ekspozycyjnych jest zakup biletu wst\u0119pu. Bilety s\u0105 sprzedawane jedynie w kasie Muzeum, bilety kupione z innych \u017ar\u00f3de\u0142 nie s\u0105 [&hellip;]<\/p>\n","protected":false},"author":1,"featured_media":0,"parent":0,"menu_order":0,"comment_status":"closed","ping_status":"open","template":"","meta":{"_acf_changed":false,"_monsterinsights_skip_tracking":false,"_monsterinsights_sitenote_active":false,"_monsterinsights_sitenote_note":"","_monsterinsights_sitenote_category":0,"footnotes":""},"class_list":["post-2376","page","type-page","status-publish","hentry"],"acf":[],"aioseo_notices":[],"_links":{"self":[{"href":"https:\/\/muzeum-zabawek.pl\/cs\/wp-json\/wp\/v2\/pages\/2376","targetHints":{"allow":["GET"]}}],"collection":[{"href":"https:\/\/muzeum-zabawek.pl\/cs\/wp-json\/wp\/v2\/pages"}],"about":[{"href":"https:\/\/muzeum-zabawek.pl\/cs\/wp-json\/wp\/v2\/types\/page"}],"author":[{"embeddable":true,"href":"https:\/\/muzeum-zabawek.pl\/cs\/wp-json\/wp\/v2\/users\/1"}],"replies":[{"embeddable":true,"href":"https:\/\/muzeum-zabawek.pl\/cs\/wp-json\/wp\/v2\/comments?post=2376"}],"version-history":[{"count":7,"href":"https:\/\/muzeum-zabawek.pl\/cs\/wp-json\/wp\/v2\/pages\/2376\/revisions"}],"predecessor-version":[{"id":2470,"href":"https:\/\/muzeum-zabawek.pl\/cs\/wp-json\/wp\/v2\/pages\/2376\/revisions\/2470"}],"wp:attachment":[{"href":"https:\/\/muzeum-zabawek.pl\/cs\/wp-json\/wp\/v2\/media?parent=2376"}],"curies":[{"name":"wp","href":"https:\/\/api.w.org\/{rel}","templated":true}]}}