{"id":3,"date":"2023-03-20T14:15:11","date_gmt":"2023-03-20T13:15:11","guid":{"rendered":"https:\/\/muzeum-zabawek.pl\/?page_id=3"},"modified":"2023-04-19T14:04:19","modified_gmt":"2023-04-19T12:04:19","slug":"polityka-prywatnosci","status":"publish","type":"page","link":"https:\/\/muzeum-zabawek.pl\/cs\/polityka-prywatnosci\/","title":{"rendered":"GDPR"},"content":{"rendered":"\t\t<div data-elementor-type=\"wp-page\" data-elementor-id=\"3\" class=\"elementor elementor-3\" data-elementor-post-type=\"page\">\n\t\t\t\t\t\t<section data-particle_enable=\"false\" data-particle-mobile-disabled=\"false\" class=\"elementor-section elementor-top-section elementor-element elementor-element-7484ab3 elementor-section-height-min-height elementor-section-boxed elementor-section-height-default elementor-section-items-middle\" data-id=\"7484ab3\" data-element_type=\"section\" data-e-type=\"section\" data-settings=\"{&quot;background_background&quot;:&quot;slideshow&quot;,&quot;background_slideshow_gallery&quot;:[{&quot;id&quot;:130,&quot;url&quot;:&quot;https:\\\/\\\/muzeum-zabawek.pl\\\/wp-content\\\/uploads\\\/2018\\\/01\\\/slide.jpg&quot;},{&quot;id&quot;:280,&quot;url&quot;:&quot;https:\\\/\\\/muzeum-zabawek.pl\\\/wp-content\\\/uploads\\\/2018\\\/02\\\/IMG_5110.jpg&quot;},{&quot;id&quot;:271,&quot;url&quot;:&quot;https:\\\/\\\/muzeum-zabawek.pl\\\/wp-content\\\/uploads\\\/2018\\\/02\\\/IMG_3505-scaled.jpg&quot;},{&quot;id&quot;:261,&quot;url&quot;:&quot;https:\\\/\\\/muzeum-zabawek.pl\\\/wp-content\\\/uploads\\\/2018\\\/02\\\/IMG_3444-scaled.jpg&quot;}],&quot;background_slideshow_transition_duration&quot;:800,&quot;background_slideshow_ken_burns&quot;:&quot;yes&quot;,&quot;shape_divider_bottom&quot;:&quot;waves&quot;,&quot;background_slideshow_loop&quot;:&quot;yes&quot;,&quot;background_slideshow_slide_duration&quot;:5000,&quot;background_slideshow_slide_transition&quot;:&quot;fade&quot;,&quot;background_slideshow_ken_burns_zoom_direction&quot;:&quot;in&quot;}\">\n\t\t\t\t\t\t\t<div class=\"elementor-background-overlay\"><\/div>\n\t\t\t\t\t\t<div class=\"elementor-shape elementor-shape-bottom\" aria-hidden=\"true\" data-negative=\"false\">\n\t\t\t<svg xmlns=\"http:\/\/www.w3.org\/2000\/svg\" viewBox=\"0 0 1000 100\" preserveAspectRatio=\"none\">\n\t<path class=\"elementor-shape-fill\" d=\"M421.9,6.5c22.6-2.5,51.5,0.4,75.5,5.3c23.6,4.9,70.9,23.5,100.5,35.7c75.8,32.2,133.7,44.5,192.6,49.7\n\tc23.6,2.1,48.7,3.5,103.4-2.5c54.7-6,106.2-25.6,106.2-25.6V0H0v30.3c0,0,72,32.6,158.4,30.5c39.2-0.7,92.8-6.7,134-22.4\n\tc21.2-8.1,52.2-18.2,79.7-24.2C399.3,7.9,411.6,7.5,421.9,6.5z\"\/>\n<\/svg>\t\t<\/div>\n\t\t\t\t\t<div class=\"elementor-container elementor-column-gap-default\">\n\t\t\t\t\t<div class=\"elementor-column elementor-col-100 elementor-top-column elementor-element elementor-element-0ca218b\" data-id=\"0ca218b\" data-element_type=\"column\" data-e-type=\"column\" data-settings=\"{&quot;motion_fx_motion_fx_scrolling&quot;:&quot;yes&quot;,&quot;motion_fx_translateY_effect&quot;:&quot;yes&quot;,&quot;motion_fx_translateY_speed&quot;:{&quot;unit&quot;:&quot;px&quot;,&quot;size&quot;:2,&quot;sizes&quot;:[]},&quot;motion_fx_translateY_affectedRange&quot;:{&quot;unit&quot;:&quot;%&quot;,&quot;size&quot;:&quot;&quot;,&quot;sizes&quot;:{&quot;start&quot;:0,&quot;end&quot;:100}},&quot;motion_fx_devices&quot;:[&quot;desktop&quot;,&quot;tablet&quot;,&quot;mobile&quot;]}\">\n\t\t\t<div class=\"elementor-widget-wrap elementor-element-populated\">\n\t\t\t\t\t\t<div class=\"elementor-element elementor-element-f2999f1 elementor-widget elementor-widget-heading\" data-id=\"f2999f1\" data-element_type=\"widget\" data-e-type=\"widget\" data-widget_type=\"heading.default\">\n\t\t\t\t\t<h2 class=\"elementor-heading-title elementor-size-default\">Polityka prywatno\u015bci<\/h2>\t\t\t\t<\/div>\n\t\t\t\t\t<\/div>\n\t\t<\/div>\n\t\t\t\t\t<\/div>\n\t\t<\/section>\n\t\t\t\t<section data-particle_enable=\"false\" data-particle-mobile-disabled=\"false\" class=\"elementor-section elementor-top-section elementor-element elementor-element-1fa3eda elementor-section-boxed elementor-section-height-default elementor-section-height-default\" data-id=\"1fa3eda\" data-element_type=\"section\" data-e-type=\"section\">\n\t\t\t\t\t\t<div class=\"elementor-container elementor-column-gap-no\">\n\t\t\t\t\t<div class=\"elementor-column elementor-col-100 elementor-top-column elementor-element elementor-element-f4c871a\" data-id=\"f4c871a\" data-element_type=\"column\" data-e-type=\"column\">\n\t\t\t<div class=\"elementor-widget-wrap elementor-element-populated\">\n\t\t\t\t\t\t<div class=\"elementor-element elementor-element-8ae766c elementor-widget elementor-widget-text-editor\" data-id=\"8ae766c\" data-element_type=\"widget\" data-e-type=\"widget\" data-widget_type=\"text-editor.default\">\n\t\t\t\t\t\t\t\t\t<p style=\"text-align: center;\">Niniejsza Polityka prywatno\u015bci okre\u015bla zasady gromadzenia, przetwarzania i wykorzystywania danych osobowych uzyskanych przez Administratora za po\u015brednictwem Serwisu.<\/p>\n<p style=\"text-align: center;\"><strong>\u00a7 Definicje<\/strong><\/p>\n<p><strong>Serwis<\/strong> \u2013 strona internetowa dost\u0119pna pod adresem: <strong>www.muzeum-zabawek.pl<\/strong>;<\/p>\n<p><strong>U\u017cytkownik<\/strong> \u2013 osoba odwiedzaj\u0105ca Serwis;<\/p>\n<p><strong>Administrator danych<\/strong> \u2013 Muzeum Zabawek Kudowa Zdr\u00f3j, Krynica Zdr\u00f3j, zwany dalej \u201c<strong>Administratorem<\/strong>\u201d<\/p>\n<p style=\"text-align: center;\"><strong>\u00a7 Pozyskiwanie danych<\/strong><\/p>\n<p>Administrator pozyskuje dane osobowe bezpo\u015brednio od U\u017cytkownik\u00f3w gdy:<\/p>\n<ul>\n<li>przegl\u0105daj\u0105 Serwis;<\/li>\n<li>wchodz\u0105 w interakcje z Administratorem za pomoc\u0105 kana\u0142\u00f3w w mediach spo\u0142eczno\u015bciowych,<\/li>\n<li>kontaktuj\u0105 si\u0119 z Administratorem za po\u015brednictwem wiadomo\u015bci e-mail, telefonu, formularza kontaktowego w Serwisie lub w innych aktualnie dost\u0119pnych kana\u0142\u00f3w komunikacji.<\/li>\n<\/ul>\n<p style=\"text-align: center;\"><strong>\u00a7 Cele przetwarzania<\/strong><\/p>\n<p>Dane osobowe przetwarzane s\u0105 przez Administratora w celu:<\/p>\n<ul>\n<li>udost\u0119pniania U\u017cytkownikom tre\u015bci dost\u0119pnych w Serwisie,<\/li>\n<li>zapewnienia bezpiecze\u0144stwa po\u0142\u0105czenia i optymalizacji dzia\u0142ania Serwisu.<\/li>\n<\/ul>\n<p style=\"text-align: center;\"><strong>\u00a7 Udost\u0119pnianie danych<\/strong><\/p>\n<p>Administrator mo\u017ce ujawnia\u0107 dane osobowe U\u017cytkownik\u00f3w Serwisu zewn\u0119trznym podmiotom wtedy, gdy jest to niezb\u0119dne do funkcjonowania Serwisu, np. dostawcom odpowiedzialnym za obs\u0142ug\u0119 system\u00f3w informatycznych i sprz\u0119tu, podmiotom \u015bwiadcz\u0105cym us\u0142ugi ksi\u0119gowe. Administrator mo\u017ce ujawni\u0107 wybrane informacje dotycz\u0105cych U\u017cytkownik\u00f3w w\u0142a\u015bciwym organom b\u0105d\u017a osobom trzecim, kt\u00f3re zg\u0142osz\u0105 \u017c\u0105danie udzielenia takich informacji, opieraj\u0105c si\u0119 na odpowiedniej podstawie prawnej oraz zgodnie z przepisami obowi\u0105zuj\u0105cego prawa (np. Policji).<\/p>\n<p>Dane U\u017cytkownika nie s\u0105 domy\u015blnie przesy\u0142ane poza granice Europejskiego Obszaru Gospodarczego ani nie s\u0105 przekazywane organizacjom mi\u0119dzynarodowym. W razie przekazania danych odbiorcom w pa\u0144stwach trzecich, Administrator b\u0119dzie korzysta\u0142 ze standardowych klauzul umownych przyj\u0119tych przez Komisj\u0119 Europejsk\u0105 w ramach kt\u00f3rych ustalono podstawowe gwarancje bezpiecze\u0144stwa danych U\u017cytkownika.<\/p>\n<p style=\"text-align: center;\"><strong>\u00a7 Przetwarzanie i przechowywanie danych<\/strong><\/p>\n<p>Administrator przetwarza dane osobowe zgodnie z:<\/p>\n<ul>\n<li>rozporz\u0105dzeniem Parlamentu Europejskiego i Rady (UE) 2016\/679 z dnia 27.04.2016 r. w sprawie ochrony os\u00f3b fizycznych w zwi\u0105zku z przetwarzaniem danych osobowych i w sprawie swobodnego przep\u0142ywu takich danych oraz uchylenia dyrektywy 95\/46\/WE (dalej: RODO);<\/li>\n<li>ustaw\u0105 z dnia 10.05.2018 r. o ochronie danych osobowych (Dz. U. 2018 poz. 1000);<\/li>\n<li>Polityk\u0105 prywatno\u015bci oraz wewn\u0119trznymi procedurami ochrony danych funkcjonuj\u0105cymi u Administratora. Administrator nie podejmuje dzia\u0142a\u0144, kt\u00f3re opieraj\u0105 si\u0119 wy\u0142\u0105cznie na zautomatyzowanym przetwarzaniu, w tym profilowaniu, i wywo\u0142uj\u0105 wobec os\u00f3b, kt\u00f3rych dane dotycz\u0105, skutki prawne. Administrator zachowa dane osobowe U\u017cytkownika tylko tak d\u0142ugo, jak b\u0119dzie to konieczne do osi\u0105gni\u0119cia cel\u00f3w okre\u015blonych w niniejszej Polityce prywatno\u015bci.<\/li>\n<\/ul>\n<p style=\"text-align: center;\"><strong>\u00a7 Prawa przys\u0142uguj\u0105ce U\u017cytkownikom<\/strong><\/p>\n<p>Ka\u017cdemu U\u017cytkownikowi w stosunku do jego danych osobowych przys\u0142uguje szereg praw:<\/p>\n<ul>\n<li>prawo uzyskania informacji odno\u015bnie przetwarzanych przez Administratora danych osobowych, w tym kopi\u0119 tych danych;<\/li>\n<li>prawo \u017c\u0105dania sprostowania danych osobowych;<\/li>\n<li>prawo do usuni\u0119cia danych, w okre\u015blonych prawem przypadkach;<\/li>\n<li>prawo do ograniczenia przetwarzania danych osobowych lub wniesienia sprzeciwu wobec ich wykorzystania, w okre\u015blonych prawem przypadkach;<\/li>\n<li>prawo do przenoszenia danych osobowych mieszcz\u0105cego si\u0119 w zakresie mo\u017cliwo\u015bci przenoszenia danych;<\/li>\n<li>prawo wniesienia skargi do organu nadzorczego, kt\u00f3rym jest Prezes Urz\u0119du Ochrony Danych Osobowych.<\/li>\n<\/ul>\n<p>Je\u015bli U\u017cytkownik chce skorzysta\u0107 z jednego z wy\u017cej wskazanych praw lub uzyska\u0107 wi\u0119cej informacji na ten temat, mo\u017ce skontakowa\u0107 si\u0119 z: <strong>kudowa@muzeum-zabawek.pl<\/strong><\/p>\n<p style=\"text-align: center;\"><strong>\u00a7 Pliki cookies<\/strong><\/p>\n<p>Pliki cookies stanowi\u0105 dane informatyczne, w szczeg\u00f3lno\u015bci pliki tekstowe, kt\u00f3re przechowywane s\u0105 na urz\u0105dzeniu U\u017cytkownika Serwisu. Pliki cookies zawieraj\u0105 zazwyczaj nazw\u0119 strony internetowej, z kt\u00f3rej pochodz\u0105, czas przechowywania ich na urz\u0105dzeniu oraz unikalny numer.<\/p>\n<p>Pliki cookies s\u0142u\u017c\u0105 do obserwacji zachowa\u0144 U\u017cytkownika na stronie internetowej, dzi\u0119ki czemu mo\u017cliwe jest uproszczenie poruszania si\u0119 po tej stronie. S\u0142u\u017c\u0105 r\u00f3wnie\u017c do zapami\u0119tywania preferencji U\u017cytkownika, co mo\u017ce by\u0107 wykorzystywane przy wy\u015bwietlaniu odpowiednio dopasowanych tre\u015bci redakcyjnych. Dane te powszechnie wykorzystuje si\u0119 w celu:<\/p>\n<ul>\n<li>prawid\u0142owego funkcjonowania, konfiguracji, bezpiecze\u0144stwa i niezawodno\u015bci serwisu internetowego,<\/li>\n<li>monitorowania stanu sesji,<\/li>\n<li>dostosowania wy\u015bwietlanych informacji do preferencji U\u017cytkownika,<\/li>\n<li>analiz, statystyk, bada\u0144 i audytu wy\u015bwietle\u0144 serwisu.<\/li>\n<\/ul>\n<p>Serwis nie zbiera w spos\u00f3b automatyczny \u017cadnych informacji, z wyj\u0105tkiem informacji zawartych w plikach cookies. W ramach Serwisu stosowane s\u0105 pliki, kt\u00f3re s\u0105 niezb\u0119dne dla zachowania bezpiecze\u0144stwa po\u0142\u0105czenia i optymalizacji dzia\u0142ania strony internetowej. Nie zawieraj\u0105 one \u017cadnych danych osobowych, a wi\u0119c nie s\u0105 stosowane \u017cadne pliki cookies, kt\u00f3re umo\u017cliwia\u0142yby zidentyfikowanie konkretnej osoby.<\/p>\n<p>Podmiotem wysy\u0142aj\u0105cym pliki cookies za po\u015brednictwem strony internetowej do urz\u0105dzenia U\u017cytkownika Serwisu oraz uzyskuj\u0105cym do tych plik\u00f3w dost\u0119p jest Administrator.<\/p>\n<p>Korzystaj\u0105c z niniejszego Serwisu, U\u017cytkownik wyra\u017ca zgod\u0119 na umieszczanie plik\u00f3w cookies na jego urz\u0105dzeniu w celach okre\u015blonych w niniejszej Polityce.<\/p>\n<p>U\u017cytkownik Serwisu mo\u017ce w ka\u017cdej chwili dokona\u0107 zmiany ustawie\u0144 dotycz\u0105cych plik\u00f3w cookies je\u017celi nie zgadza si\u0119 na ich u\u017cywanie. W tym celu nale\u017cy zmieni\u0107 ustawienia swojej przegl\u0105darki w taki spos\u00f3b, aby blokowa\u0107 automatyczn\u0105 obs\u0142ug\u0119 plik\u00f3w cookies, b\u0105d\u017a informowa\u0107 o ich ka\u017cdorazowym zamieszczaniu na urz\u0105dzeniu U\u017cytkownika. Szczeg\u00f3\u0142owe informacje o mo\u017cliwo\u015bci i sposobach obs\u0142ugi plik\u00f3w cookies dost\u0119pne s\u0105 w ustawieniach przegl\u0105darki internetowej.<\/p>\n<p style=\"text-align: center;\"><strong>\u00a7 Zmiany w Polityce prywatno\u015bci<\/strong><\/p>\n<p>W celu zapewnienia, i\u017c Polityka prywatno\u015bci Serwisu spe\u0142nia aktualne wymogi wynikaj\u0105ce z przepis\u00f3w prawa, Administrator zastrzega sobie prawo do wnoszenia do niej zmian w dowolnym czasie. Powy\u017csze ma r\u00f3wnie\u017c zastosowanie w przypadkach, gdy Polityka prywatno\u015bci wymaga zmian w celu obj\u0119cia ni\u0105 nowych lub zmienionych produkt\u00f3w lub us\u0142ug Serwisu. W sprawach nieuregulowanych niniejsz\u0105 Polityk\u0105 prywatno\u015bci stosuje si\u0119 odpowiednio w\u0142a\u015bciwe przepisy prawa.<\/p>\t\t\t\t\t\t\t\t<\/div>\n\t\t\t\t\t<\/div>\n\t\t<\/div>\n\t\t\t\t\t<\/div>\n\t\t<\/section>\n\t\t\t\t<\/div>\n\t\t","protected":false},"excerpt":{"rendered":"<p>Niniejsza Polityka prywatno\u015bci okre\u015bla zasady gromadzenia, przetwarzania i wykorzystywania danych osobowych uzyskanych przez Administratora za po\u015brednictwem Serwisu. \u00a7 Definicje Serwis \u2013 strona internetowa dost\u0119pna pod adresem: www.muzeum-zabawek.pl; U\u017cytkownik \u2013 osoba odwiedzaj\u0105ca Serwis; Administrator danych \u2013 Muzeum Zabawek Kudowa Zdr\u00f3j, Krynica Zdr\u00f3j, zwany dalej \u201cAdministratorem\u201d \u00a7 Pozyskiwanie danych Administrator pozyskuje dane osobowe bezpo\u015brednio od U\u017cytkownik\u00f3w gdy: [&hellip;]<\/p>\n","protected":false},"author":1,"featured_media":0,"parent":0,"menu_order":0,"comment_status":"closed","ping_status":"open","template":"","meta":{"_acf_changed":false,"_monsterinsights_skip_tracking":false,"_monsterinsights_sitenote_active":false,"_monsterinsights_sitenote_note":"","_monsterinsights_sitenote_category":0,"footnotes":""},"class_list":["post-3","page","type-page","status-publish","hentry"],"acf":[],"aioseo_notices":[],"_links":{"self":[{"href":"https:\/\/muzeum-zabawek.pl\/cs\/wp-json\/wp\/v2\/pages\/3","targetHints":{"allow":["GET"]}}],"collection":[{"href":"https:\/\/muzeum-zabawek.pl\/cs\/wp-json\/wp\/v2\/pages"}],"about":[{"href":"https:\/\/muzeum-zabawek.pl\/cs\/wp-json\/wp\/v2\/types\/page"}],"author":[{"embeddable":true,"href":"https:\/\/muzeum-zabawek.pl\/cs\/wp-json\/wp\/v2\/users\/1"}],"replies":[{"embeddable":true,"href":"https:\/\/muzeum-zabawek.pl\/cs\/wp-json\/wp\/v2\/comments?post=3"}],"version-history":[{"count":6,"href":"https:\/\/muzeum-zabawek.pl\/cs\/wp-json\/wp\/v2\/pages\/3\/revisions"}],"predecessor-version":[{"id":2467,"href":"https:\/\/muzeum-zabawek.pl\/cs\/wp-json\/wp\/v2\/pages\/3\/revisions\/2467"}],"wp:attachment":[{"href":"https:\/\/muzeum-zabawek.pl\/cs\/wp-json\/wp\/v2\/media?parent=3"}],"curies":[{"name":"wp","href":"https:\/\/api.w.org\/{rel}","templated":true}]}}