{"id":4491,"date":"2025-05-06T09:19:07","date_gmt":"2025-05-06T07:19:07","guid":{"rendered":"https:\/\/muzeum-zabawek.pl\/accessibility-statement\/"},"modified":"2025-05-06T09:21:36","modified_gmt":"2025-05-06T07:21:36","slug":"oswiadczenie-o-dostepnosci","status":"publish","type":"page","link":"https:\/\/muzeum-zabawek.pl\/cs\/oswiadczenie-o-dostepnosci\/","title":{"rendered":"Prohl\u00e1\u0161en\u00ed o p\u0159\u00edstupnosti"},"content":{"rendered":"\t\t<div data-elementor-type=\"wp-page\" data-elementor-id=\"4491\" class=\"elementor elementor-4491\" data-elementor-post-type=\"page\">\n\t\t\t\t\t\t<section data-particle_enable=\"false\" data-particle-mobile-disabled=\"false\" class=\"elementor-section elementor-top-section elementor-element elementor-element-15e45d3 elementor-section-height-min-height elementor-section-boxed elementor-section-height-default elementor-section-items-middle\" data-id=\"15e45d3\" data-element_type=\"section\" data-e-type=\"section\" data-settings=\"{&quot;background_background&quot;:&quot;slideshow&quot;,&quot;background_slideshow_gallery&quot;:[{&quot;id&quot;:130,&quot;url&quot;:&quot;https:\\\/\\\/muzeum-zabawek.pl\\\/wp-content\\\/uploads\\\/2018\\\/01\\\/slide.jpg&quot;},{&quot;id&quot;:280,&quot;url&quot;:&quot;https:\\\/\\\/muzeum-zabawek.pl\\\/wp-content\\\/uploads\\\/2018\\\/02\\\/IMG_5110.jpg&quot;},{&quot;id&quot;:271,&quot;url&quot;:&quot;https:\\\/\\\/muzeum-zabawek.pl\\\/wp-content\\\/uploads\\\/2018\\\/02\\\/IMG_3505-scaled.jpg&quot;},{&quot;id&quot;:261,&quot;url&quot;:&quot;https:\\\/\\\/muzeum-zabawek.pl\\\/wp-content\\\/uploads\\\/2018\\\/02\\\/IMG_3444-scaled.jpg&quot;}],&quot;background_slideshow_transition_duration&quot;:800,&quot;background_slideshow_ken_burns&quot;:&quot;yes&quot;,&quot;shape_divider_bottom&quot;:&quot;waves&quot;,&quot;background_slideshow_loop&quot;:&quot;yes&quot;,&quot;background_slideshow_slide_duration&quot;:5000,&quot;background_slideshow_slide_transition&quot;:&quot;fade&quot;,&quot;background_slideshow_ken_burns_zoom_direction&quot;:&quot;in&quot;}\">\n\t\t\t\t\t\t\t<div class=\"elementor-background-overlay\"><\/div>\n\t\t\t\t\t\t<div class=\"elementor-shape elementor-shape-bottom\" aria-hidden=\"true\" data-negative=\"false\">\n\t\t\t<svg xmlns=\"http:\/\/www.w3.org\/2000\/svg\" viewBox=\"0 0 1000 100\" preserveAspectRatio=\"none\">\n\t<path class=\"elementor-shape-fill\" d=\"M421.9,6.5c22.6-2.5,51.5,0.4,75.5,5.3c23.6,4.9,70.9,23.5,100.5,35.7c75.8,32.2,133.7,44.5,192.6,49.7\n\tc23.6,2.1,48.7,3.5,103.4-2.5c54.7-6,106.2-25.6,106.2-25.6V0H0v30.3c0,0,72,32.6,158.4,30.5c39.2-0.7,92.8-6.7,134-22.4\n\tc21.2-8.1,52.2-18.2,79.7-24.2C399.3,7.9,411.6,7.5,421.9,6.5z\"\/>\n<\/svg>\t\t<\/div>\n\t\t\t\t\t<div class=\"elementor-container elementor-column-gap-default\">\n\t\t\t\t\t<div class=\"elementor-column elementor-col-100 elementor-top-column elementor-element elementor-element-1cc16fd\" data-id=\"1cc16fd\" data-element_type=\"column\" data-e-type=\"column\" data-settings=\"{&quot;motion_fx_motion_fx_scrolling&quot;:&quot;yes&quot;,&quot;motion_fx_translateY_effect&quot;:&quot;yes&quot;,&quot;motion_fx_translateY_speed&quot;:{&quot;unit&quot;:&quot;px&quot;,&quot;size&quot;:2,&quot;sizes&quot;:[]},&quot;motion_fx_translateY_affectedRange&quot;:{&quot;unit&quot;:&quot;%&quot;,&quot;size&quot;:&quot;&quot;,&quot;sizes&quot;:{&quot;start&quot;:0,&quot;end&quot;:100}},&quot;motion_fx_devices&quot;:[&quot;desktop&quot;,&quot;tablet&quot;,&quot;mobile&quot;]}\">\n\t\t\t<div class=\"elementor-widget-wrap elementor-element-populated\">\n\t\t\t\t\t\t<div class=\"elementor-element elementor-element-937a5d3 elementor-widget elementor-widget-heading\" data-id=\"937a5d3\" data-element_type=\"widget\" data-e-type=\"widget\" data-widget_type=\"heading.default\">\n\t\t\t\t\t<h2 class=\"elementor-heading-title elementor-size-default\">O\u015bwiadczenie o dost\u0119pno\u015bci<\/h2>\t\t\t\t<\/div>\n\t\t\t\t\t<\/div>\n\t\t<\/div>\n\t\t\t\t\t<\/div>\n\t\t<\/section>\n\t\t\t\t<section data-particle_enable=\"false\" data-particle-mobile-disabled=\"false\" class=\"elementor-section elementor-top-section elementor-element elementor-element-71bb0fee elementor-section-boxed elementor-section-height-default elementor-section-height-default\" data-id=\"71bb0fee\" data-element_type=\"section\" data-e-type=\"section\">\n\t\t\t\t\t\t<div class=\"elementor-container elementor-column-gap-no\">\n\t\t\t\t\t<div class=\"elementor-column elementor-col-100 elementor-top-column elementor-element elementor-element-3cce4f56\" data-id=\"3cce4f56\" data-element_type=\"column\" data-e-type=\"column\">\n\t\t\t<div class=\"elementor-widget-wrap elementor-element-populated\">\n\t\t\t\t\t\t<div class=\"elementor-element elementor-element-a5eeaaf elementor-widget elementor-widget-text-editor\" data-id=\"a5eeaaf\" data-element_type=\"widget\" data-e-type=\"widget\" data-widget_type=\"text-editor.default\">\n\t\t\t\t\t\t\t\t\t\n<h3 class=\"wp-block-heading has-text-align-center\">O\u015bwiadczenie dost\u0119pno\u015bci dla https:\/\/muzeum-zabawek.pl\/<\/h3>\n\n<p><strong>Muzeum Zabawek w Kudowie Zdroju Maria Oziera\u0144ska<\/strong> zobowi\u0105zuje si\u0119 do zapewnienia dost\u0119pno\u015bci cyfrowej osobom z niepe\u0142nosprawno\u015bciami. Ci\u0105gle ulepszamy do\u015bwiadczenie u\u017cytkownika dla wszystkich i stosujemy odpowiednie standardy dost\u0119pno\u015bci.<\/p>\n\n<h6 class=\"wp-block-heading\">Status zgodno\u015bci<\/h6>\n\n<p>Wytyczne dotycz\u0105ce dost\u0119pno\u015bci tre\u015bci internetowych (WCAG) okre\u015blaj\u0105 wymagania dla projektant\u00f3w i deweloper\u00f3w w celu poprawy dost\u0119pno\u015bci dla os\u00f3b niepe\u0142nosprawnych. Definiuj\u0105 trzy poziomy zgodno\u015bci: poziom A, poziom AA i poziom AAA.<\/p>\n\n<p><strong>Muzeum Zabawek w Kudowie Zdroju Maria Oziera\u0144ska<\/strong> nieustannie podejmuje wysi\u0142ki maj\u0105ce na celu popraw\u0119 dost\u0119pno\u015bci swojej witryny i us\u0142ug, wierz\u0105c, \u017ce naszym wsp\u00f3lnym moralnym obowi\u0105zkiem jest umo\u017cliwienie bezproblemowego, dost\u0119pnego i nieograniczonego korzystania z nich osobom z niepe\u0142nosprawno\u015bciami.<\/p>\n\n<p>Naszym celem jest udost\u0119pnienie wszystkich stron i tre\u015bci na <strong>https:\/\/muzeum-zabawek.pl\/<\/strong>, ale niekt\u00f3re tre\u015bci mog\u0105 jeszcze nie w pe\u0142ni spe\u0142nia\u0107 najwy\u017csze standardy dost\u0119pno\u015bci. Mo\u017ce to by\u0107 spowodowane trudno\u015bciami w okre\u015bleniu najbardziej odpowiedniego rozwi\u0105zania technologicznego.<\/p>\n\n<p>Mo\u017cemy okresowo dokonywa\u0107 przegl\u0105du niniejszego o\u015bwiadczenia w celu uwzgl\u0119dnienia udoskonale\u0144 lub zmian w naszych praktykach dotycz\u0105cych dost\u0119pno\u015bci.<\/p>\n\n<h6 class=\"wp-block-heading\">Uwagi<\/h6>\n\n<p>Zapraszamy do przesy\u0142ania opinii na temat dost\u0119pno\u015bci witryny <strong>Muzeum Zabawek w Kudowie Zdroju Maria Oziera\u0144ska<\/strong>. Prosimy o poinformowanie nas, je\u015bli napotkasz bariery dost\u0119pno\u015bci na naszej stronie internetowej:<\/p>\n\n<p>E-mail: <strong>kudowa@muzeum-zabawek.pl<\/strong><\/p>\n\n<p>Staramy si\u0119 odpowiada\u0107 na opinie w ci\u0105gu 3\u20135 dni roboczych.<\/p>\n\n<p>O\u015bwiadczenie zosta\u0142o utworzone o 6.05.2025.<\/p>\n\t\t\t\t\t\t\t\t<\/div>\n\t\t\t\t\t<\/div>\n\t\t<\/div>\n\t\t\t\t\t<\/div>\n\t\t<\/section>\n\t\t\t\t<\/div>\n\t\t","protected":false},"excerpt":{"rendered":"<p>O\u015bwiadczenie dost\u0119pno\u015bci dla https:\/\/muzeum-zabawek.pl\/ Muzeum Zabawek w Kudowie Zdroju Maria Oziera\u0144ska zobowi\u0105zuje si\u0119 do zapewnienia dost\u0119pno\u015bci cyfrowej osobom z niepe\u0142nosprawno\u015bciami. Ci\u0105gle ulepszamy do\u015bwiadczenie u\u017cytkownika dla wszystkich i stosujemy odpowiednie standardy dost\u0119pno\u015bci. Status zgodno\u015bci Wytyczne dotycz\u0105ce dost\u0119pno\u015bci tre\u015bci internetowych (WCAG) okre\u015blaj\u0105 wymagania dla projektant\u00f3w i deweloper\u00f3w w celu poprawy dost\u0119pno\u015bci dla os\u00f3b niepe\u0142nosprawnych. Definiuj\u0105 trzy poziomy [&hellip;]<\/p>\n","protected":false},"author":1,"featured_media":0,"parent":0,"menu_order":0,"comment_status":"closed","ping_status":"closed","template":"","meta":{"_acf_changed":false,"_monsterinsights_skip_tracking":false,"_monsterinsights_sitenote_active":false,"_monsterinsights_sitenote_note":"","_monsterinsights_sitenote_category":0,"footnotes":""},"class_list":["post-4491","page","type-page","status-publish","hentry"],"acf":[],"aioseo_notices":[],"_links":{"self":[{"href":"https:\/\/muzeum-zabawek.pl\/cs\/wp-json\/wp\/v2\/pages\/4491","targetHints":{"allow":["GET"]}}],"collection":[{"href":"https:\/\/muzeum-zabawek.pl\/cs\/wp-json\/wp\/v2\/pages"}],"about":[{"href":"https:\/\/muzeum-zabawek.pl\/cs\/wp-json\/wp\/v2\/types\/page"}],"author":[{"embeddable":true,"href":"https:\/\/muzeum-zabawek.pl\/cs\/wp-json\/wp\/v2\/users\/1"}],"replies":[{"embeddable":true,"href":"https:\/\/muzeum-zabawek.pl\/cs\/wp-json\/wp\/v2\/comments?post=4491"}],"version-history":[{"count":10,"href":"https:\/\/muzeum-zabawek.pl\/cs\/wp-json\/wp\/v2\/pages\/4491\/revisions"}],"predecessor-version":[{"id":4501,"href":"https:\/\/muzeum-zabawek.pl\/cs\/wp-json\/wp\/v2\/pages\/4491\/revisions\/4501"}],"wp:attachment":[{"href":"https:\/\/muzeum-zabawek.pl\/cs\/wp-json\/wp\/v2\/media?parent=4491"}],"curies":[{"name":"wp","href":"https:\/\/api.w.org\/{rel}","templated":true}]}}